{"id":8724,"date":"2023-07-12T16:18:10","date_gmt":"2023-07-12T14:18:10","guid":{"rendered":"https:\/\/www.verleih-frankfurt.de\/produkt\/medium-plate-oe-20cm-schoenwald-pu-40\/"},"modified":"2024-06-20T12:44:18","modified_gmt":"2024-06-20T10:44:18","slug":"medium-plate-oe-20cm-schoenwald-pu-40","status":"publish","type":"product","link":"https:\/\/www.verleih-frankfurt.de\/en\/produkt\/medium-plate-oe-20cm-schoenwald-pu-40\/","title":{"rendered":"Medium plate, \u00d8 20cm Sch\u00f6nwald PU 40"},"content":{"rendered":"<p><span id=\"docs-internal-guid-df1565c7-a16d-3700-78fb-445ab7842492\"><span style=\"font-size: 16px; font-family: Calibri; white-space: pre-wrap; background-color: transparent;\">The Sch\u00f6nwald medium-sized plate is the ideal intermediate solution if the dishes should not be too small or too large. Its diameter of just 20 cm makes this plate suitable for cakes and tarts. But it can also be used for quick meals in between meals. In summary: the ideal companion in any situation.<\/span><\/span><\/p>\n<p><strong><span style=\"font-size: 16px; font-family: Calibri; white-space: pre-wrap; background-color: transparent;\">Packaging unit 40 pieces<\/span><\/strong><\/p>\n","protected":false},"excerpt":{"rendered":"<p><span id=\"docs-internal-guid-df1565c7-a16d-3700-78fb-445ab7842492\"><span style=\"font-size: 16px; font-family: Calibri; white-space: pre-wrap; background-color: transparent;\">Medium plate of the Sch\u00f6nwald brand<\/span><\/span><\/p>\n","protected":false},"featured_media":8727,"template":"","meta":{"_acf_changed":false},"product_brand":[],"product_cat":[2319],"product_tag":[],"class_list":{"0":"post-8724","1":"product","2":"type-product","3":"status-publish","4":"has-post-thumbnail","6":"product_cat-tableware","8":"first","9":"instock","10":"taxable","11":"shipping-taxable","12":"purchasable","13":"product-type-rentable","14":"add-to-wishlist-before_image"},"acf":[],"yoast_head":"<!-- This site is optimized with the Yoast SEO plugin v27.4 - https:\/\/yoast.com\/product\/yoast-seo-wordpress\/ -->\n<title>Medium plate, \u00d8 20cm Sch\u00f6nwald PU 40 - Event rental Frankfurt<\/title>\n<meta name=\"description\" content=\"The Sch\u00f6nwald medium-sized plate is the ideal intermediate solution if the dishes should not be too small or too large. Its diameter of just 20 cm makes this plate suitable for cakes and tarts. But it can also be used for quick meals in between meals. In summary: the ideal companion in any situation. Packaging unit 40 pieces\" \/>\n<meta name=\"robots\" content=\"index, follow, max-snippet:-1, max-image-preview:large, max-video-preview:-1\" \/>\n<link rel=\"canonical\" href=\"https:\/\/www.verleih-frankfurt.de\/en\/produkt\/medium-plate-oe-20cm-schoenwald-pu-40\/\" \/>\n<meta property=\"og:locale\" content=\"en_US\" \/>\n<meta property=\"og:type\" content=\"article\" \/>\n<meta property=\"og:title\" content=\"Medium plate, \u00d8 20cm Sch\u00f6nwald PU 40 - Event rental Frankfurt\" \/>\n<meta property=\"og:description\" content=\"The Sch\u00f6nwald medium-sized plate is the ideal intermediate solution if the dishes should not be too small or too large. Its diameter of just 20 cm makes this plate suitable for cakes and tarts. But it can also be used for quick meals in between meals. In summary: the ideal companion in any situation. Packaging unit 40 pieces\" \/>\n<meta property=\"og:url\" content=\"https:\/\/www.verleih-frankfurt.de\/en\/produkt\/medium-plate-oe-20cm-schoenwald-pu-40\/\" \/>\n<meta property=\"og:site_name\" content=\"Eventverleih Frankfurt\" \/>\n<meta property=\"article:publisher\" content=\"https:\/\/www.facebook.com\/verleihfrankfurt\" \/>\n<meta property=\"article:modified_time\" content=\"2024-06-20T10:44:18+00:00\" \/>\n<meta property=\"og:image\" content=\"https:\/\/www.verleih-frankfurt.de\/wp-content\/uploads\/2023\/07\/Mittel-Teller.jpg\" \/>\n\t<meta property=\"og:image:width\" content=\"600\" \/>\n\t<meta property=\"og:image:height\" content=\"600\" \/>\n\t<meta property=\"og:image:type\" content=\"image\/jpeg\" \/>\n<meta name=\"twitter:card\" content=\"summary_large_image\" \/>\n<script type=\"application\/ld+json\" class=\"yoast-schema-graph\">{\"@context\":\"https:\\\/\\\/schema.org\",\"@graph\":[{\"@type\":\"WebPage\",\"@id\":\"https:\\\/\\\/www.verleih-frankfurt.de\\\/en\\\/produkt\\\/medium-plate-oe-20cm-schoenwald-pu-40\\\/\",\"url\":\"https:\\\/\\\/www.verleih-frankfurt.de\\\/en\\\/produkt\\\/medium-plate-oe-20cm-schoenwald-pu-40\\\/\",\"name\":\"Medium plate, \u00d8 20cm Sch\u00f6nwald PU 40 - Event rental Frankfurt\",\"isPartOf\":{\"@id\":\"https:\\\/\\\/www.verleih-frankfurt.de\\\/en\\\/#website\"},\"primaryImageOfPage\":{\"@id\":\"https:\\\/\\\/www.verleih-frankfurt.de\\\/en\\\/produkt\\\/medium-plate-oe-20cm-schoenwald-pu-40\\\/#primaryimage\"},\"image\":{\"@id\":\"https:\\\/\\\/www.verleih-frankfurt.de\\\/en\\\/produkt\\\/medium-plate-oe-20cm-schoenwald-pu-40\\\/#primaryimage\"},\"thumbnailUrl\":\"https:\\\/\\\/www.verleih-frankfurt.de\\\/wp-content\\\/uploads\\\/2023\\\/07\\\/Mittel-Teller.jpg\",\"datePublished\":\"2023-07-12T14:18:10+00:00\",\"dateModified\":\"2024-06-20T10:44:18+00:00\",\"description\":\"The Sch\u00f6nwald medium-sized plate is the ideal intermediate solution if the dishes should not be too small or too large. Its diameter of just 20 cm makes this plate suitable for cakes and tarts. But it can also be used for quick meals in between meals. In summary: the ideal companion in any situation. Packaging unit 40 pieces\",\"breadcrumb\":{\"@id\":\"https:\\\/\\\/www.verleih-frankfurt.de\\\/en\\\/produkt\\\/medium-plate-oe-20cm-schoenwald-pu-40\\\/#breadcrumb\"},\"inLanguage\":\"en-US\",\"potentialAction\":[{\"@type\":\"ReadAction\",\"target\":[\"https:\\\/\\\/www.verleih-frankfurt.de\\\/en\\\/produkt\\\/medium-plate-oe-20cm-schoenwald-pu-40\\\/\"]}]},{\"@type\":\"ImageObject\",\"inLanguage\":\"en-US\",\"@id\":\"https:\\\/\\\/www.verleih-frankfurt.de\\\/en\\\/produkt\\\/medium-plate-oe-20cm-schoenwald-pu-40\\\/#primaryimage\",\"url\":\"https:\\\/\\\/www.verleih-frankfurt.de\\\/wp-content\\\/uploads\\\/2023\\\/07\\\/Mittel-Teller.jpg\",\"contentUrl\":\"https:\\\/\\\/www.verleih-frankfurt.de\\\/wp-content\\\/uploads\\\/2023\\\/07\\\/Mittel-Teller.jpg\",\"width\":600,\"height\":600},{\"@type\":\"BreadcrumbList\",\"@id\":\"https:\\\/\\\/www.verleih-frankfurt.de\\\/en\\\/produkt\\\/medium-plate-oe-20cm-schoenwald-pu-40\\\/#breadcrumb\",\"itemListElement\":[{\"@type\":\"ListItem\",\"position\":1,\"name\":\"Startseite\",\"item\":\"https:\\\/\\\/www.verleih-frankfurt.de\\\/en\\\/home\\\/\"},{\"@type\":\"ListItem\",\"position\":2,\"name\":\"Shop\",\"item\":\"https:\\\/\\\/www.verleih-frankfurt.de\\\/shop\\\/?lang=en\"},{\"@type\":\"ListItem\",\"position\":3,\"name\":\"Medium plate, \u00d8 20cm Sch\u00f6nwald PU 40\"}]},{\"@type\":\"WebSite\",\"@id\":\"https:\\\/\\\/www.verleih-frankfurt.de\\\/en\\\/#website\",\"url\":\"https:\\\/\\\/www.verleih-frankfurt.de\\\/en\\\/\",\"name\":\"Eventverleih Frankfurt\",\"description\":\"Professioneller Verleih-Service f\u00fcr Ihren Event\",\"publisher\":{\"@id\":\"https:\\\/\\\/www.verleih-frankfurt.de\\\/en\\\/#organization\"},\"potentialAction\":[{\"@type\":\"SearchAction\",\"target\":{\"@type\":\"EntryPoint\",\"urlTemplate\":\"https:\\\/\\\/www.verleih-frankfurt.de\\\/en\\\/?s={search_term_string}\"},\"query-input\":{\"@type\":\"PropertyValueSpecification\",\"valueRequired\":true,\"valueName\":\"search_term_string\"}}],\"inLanguage\":\"en-US\"},{\"@type\":\"Organization\",\"@id\":\"https:\\\/\\\/www.verleih-frankfurt.de\\\/en\\\/#organization\",\"name\":\"Eventverleih Frankfurt\",\"url\":\"https:\\\/\\\/www.verleih-frankfurt.de\\\/en\\\/\",\"logo\":{\"@type\":\"ImageObject\",\"inLanguage\":\"en-US\",\"@id\":\"https:\\\/\\\/www.verleih-frankfurt.de\\\/en\\\/#\\\/schema\\\/logo\\\/image\\\/\",\"url\":\"https:\\\/\\\/www.verleih-frankfurt.de\\\/wp-content\\\/uploads\\\/2021\\\/09\\\/logo-on-bg.svg\",\"contentUrl\":\"https:\\\/\\\/www.verleih-frankfurt.de\\\/wp-content\\\/uploads\\\/2021\\\/09\\\/logo-on-bg.svg\",\"width\":280,\"height\":70,\"caption\":\"Eventverleih Frankfurt\"},\"image\":{\"@id\":\"https:\\\/\\\/www.verleih-frankfurt.de\\\/en\\\/#\\\/schema\\\/logo\\\/image\\\/\"},\"sameAs\":[\"https:\\\/\\\/www.facebook.com\\\/verleihfrankfurt\"]}]}<\/script>\n<!-- \/ Yoast SEO plugin. -->","yoast_head_json":{"title":"Medium plate, \u00d8 20cm Sch\u00f6nwald PU 40 - Event rental Frankfurt","description":"The Sch\u00f6nwald medium-sized plate is the ideal intermediate solution if the dishes should not be too small or too large. Its diameter of just 20 cm makes this plate suitable for cakes and tarts. But it can also be used for quick meals in between meals. In summary: the ideal companion in any situation. Packaging unit 40 pieces","robots":{"index":"index","follow":"follow","max-snippet":"max-snippet:-1","max-image-preview":"max-image-preview:large","max-video-preview":"max-video-preview:-1"},"canonical":"https:\/\/www.verleih-frankfurt.de\/en\/produkt\/medium-plate-oe-20cm-schoenwald-pu-40\/","og_locale":"en_US","og_type":"article","og_title":"Medium plate, \u00d8 20cm Sch\u00f6nwald PU 40 - Event rental Frankfurt","og_description":"The Sch\u00f6nwald medium-sized plate is the ideal intermediate solution if the dishes should not be too small or too large. Its diameter of just 20 cm makes this plate suitable for cakes and tarts. But it can also be used for quick meals in between meals. In summary: the ideal companion in any situation. Packaging unit 40 pieces","og_url":"https:\/\/www.verleih-frankfurt.de\/en\/produkt\/medium-plate-oe-20cm-schoenwald-pu-40\/","og_site_name":"Eventverleih Frankfurt","article_publisher":"https:\/\/www.facebook.com\/verleihfrankfurt","article_modified_time":"2024-06-20T10:44:18+00:00","og_image":[{"width":600,"height":600,"url":"https:\/\/www.verleih-frankfurt.de\/wp-content\/uploads\/2023\/07\/Mittel-Teller.jpg","type":"image\/jpeg"}],"twitter_card":"summary_large_image","schema":{"@context":"https:\/\/schema.org","@graph":[{"@type":"WebPage","@id":"https:\/\/www.verleih-frankfurt.de\/en\/produkt\/medium-plate-oe-20cm-schoenwald-pu-40\/","url":"https:\/\/www.verleih-frankfurt.de\/en\/produkt\/medium-plate-oe-20cm-schoenwald-pu-40\/","name":"Medium plate, \u00d8 20cm Sch\u00f6nwald PU 40 - Event rental Frankfurt","isPartOf":{"@id":"https:\/\/www.verleih-frankfurt.de\/en\/#website"},"primaryImageOfPage":{"@id":"https:\/\/www.verleih-frankfurt.de\/en\/produkt\/medium-plate-oe-20cm-schoenwald-pu-40\/#primaryimage"},"image":{"@id":"https:\/\/www.verleih-frankfurt.de\/en\/produkt\/medium-plate-oe-20cm-schoenwald-pu-40\/#primaryimage"},"thumbnailUrl":"https:\/\/www.verleih-frankfurt.de\/wp-content\/uploads\/2023\/07\/Mittel-Teller.jpg","datePublished":"2023-07-12T14:18:10+00:00","dateModified":"2024-06-20T10:44:18+00:00","description":"The Sch\u00f6nwald medium-sized plate is the ideal intermediate solution if the dishes should not be too small or too large. Its diameter of just 20 cm makes this plate suitable for cakes and tarts. But it can also be used for quick meals in between meals. In summary: the ideal companion in any situation. Packaging unit 40 pieces","breadcrumb":{"@id":"https:\/\/www.verleih-frankfurt.de\/en\/produkt\/medium-plate-oe-20cm-schoenwald-pu-40\/#breadcrumb"},"inLanguage":"en-US","potentialAction":[{"@type":"ReadAction","target":["https:\/\/www.verleih-frankfurt.de\/en\/produkt\/medium-plate-oe-20cm-schoenwald-pu-40\/"]}]},{"@type":"ImageObject","inLanguage":"en-US","@id":"https:\/\/www.verleih-frankfurt.de\/en\/produkt\/medium-plate-oe-20cm-schoenwald-pu-40\/#primaryimage","url":"https:\/\/www.verleih-frankfurt.de\/wp-content\/uploads\/2023\/07\/Mittel-Teller.jpg","contentUrl":"https:\/\/www.verleih-frankfurt.de\/wp-content\/uploads\/2023\/07\/Mittel-Teller.jpg","width":600,"height":600},{"@type":"BreadcrumbList","@id":"https:\/\/www.verleih-frankfurt.de\/en\/produkt\/medium-plate-oe-20cm-schoenwald-pu-40\/#breadcrumb","itemListElement":[{"@type":"ListItem","position":1,"name":"Startseite","item":"https:\/\/www.verleih-frankfurt.de\/en\/home\/"},{"@type":"ListItem","position":2,"name":"Shop","item":"https:\/\/www.verleih-frankfurt.de\/shop\/?lang=en"},{"@type":"ListItem","position":3,"name":"Medium plate, \u00d8 20cm Sch\u00f6nwald PU 40"}]},{"@type":"WebSite","@id":"https:\/\/www.verleih-frankfurt.de\/en\/#website","url":"https:\/\/www.verleih-frankfurt.de\/en\/","name":"Eventverleih Frankfurt","description":"Professioneller Verleih-Service f\u00fcr Ihren Event","publisher":{"@id":"https:\/\/www.verleih-frankfurt.de\/en\/#organization"},"potentialAction":[{"@type":"SearchAction","target":{"@type":"EntryPoint","urlTemplate":"https:\/\/www.verleih-frankfurt.de\/en\/?s={search_term_string}"},"query-input":{"@type":"PropertyValueSpecification","valueRequired":true,"valueName":"search_term_string"}}],"inLanguage":"en-US"},{"@type":"Organization","@id":"https:\/\/www.verleih-frankfurt.de\/en\/#organization","name":"Eventverleih Frankfurt","url":"https:\/\/www.verleih-frankfurt.de\/en\/","logo":{"@type":"ImageObject","inLanguage":"en-US","@id":"https:\/\/www.verleih-frankfurt.de\/en\/#\/schema\/logo\/image\/","url":"https:\/\/www.verleih-frankfurt.de\/wp-content\/uploads\/2021\/09\/logo-on-bg.svg","contentUrl":"https:\/\/www.verleih-frankfurt.de\/wp-content\/uploads\/2021\/09\/logo-on-bg.svg","width":280,"height":70,"caption":"Eventverleih Frankfurt"},"image":{"@id":"https:\/\/www.verleih-frankfurt.de\/en\/#\/schema\/logo\/image\/"},"sameAs":["https:\/\/www.facebook.com\/verleihfrankfurt"]}]}},"_links":{"self":[{"href":"https:\/\/www.verleih-frankfurt.de\/en\/wp-json\/wp\/v2\/product\/8724","targetHints":{"allow":["GET"]}}],"collection":[{"href":"https:\/\/www.verleih-frankfurt.de\/en\/wp-json\/wp\/v2\/product"}],"about":[{"href":"https:\/\/www.verleih-frankfurt.de\/en\/wp-json\/wp\/v2\/types\/product"}],"wp:featuredmedia":[{"embeddable":true,"href":"https:\/\/www.verleih-frankfurt.de\/en\/wp-json\/wp\/v2\/media\/8727"}],"wp:attachment":[{"href":"https:\/\/www.verleih-frankfurt.de\/en\/wp-json\/wp\/v2\/media?parent=8724"}],"wp:term":[{"taxonomy":"product_brand","embeddable":true,"href":"https:\/\/www.verleih-frankfurt.de\/en\/wp-json\/wp\/v2\/product_brand?post=8724"},{"taxonomy":"product_cat","embeddable":true,"href":"https:\/\/www.verleih-frankfurt.de\/en\/wp-json\/wp\/v2\/product_cat?post=8724"},{"taxonomy":"product_tag","embeddable":true,"href":"https:\/\/www.verleih-frankfurt.de\/en\/wp-json\/wp\/v2\/product_tag?post=8724"}],"curies":[{"name":"wp","href":"https:\/\/api.w.org\/{rel}","templated":true}]}}