{"id":8719,"date":"2023-07-10T13:47:00","date_gmt":"2023-07-10T11:47:00","guid":{"rendered":"https:\/\/www.verleih-frankfurt.de\/produkt\/menu-plate-oe-26cm-schoenwald-pu-30\/"},"modified":"2025-04-03T12:02:23","modified_gmt":"2025-04-03T10:02:23","slug":"menu-plate-oe-26cm-schoenwald-pu-30","status":"publish","type":"product","link":"https:\/\/www.verleih-frankfurt.de\/en\/produkt\/menu-plate-oe-26cm-schoenwald-pu-30\/","title":{"rendered":"Menu plate, \u00d8 26cm Sch\u00f6nwald PU 30"},"content":{"rendered":"<p><span id=\"docs-internal-guid-df1565c7-a16d-cfa0-6b8f-a30d80b6e987\"><span style=\"font-size: 16px; font-family: Calibri; white-space: pre-wrap; background-color: transparent;\">With the Sch\u00f6nwald menu plate, we offer you the perfect equipment for your dinner and your events. The diameter of 24 cm offers enough space to present all your food in the best possible way. The plain white color means that this plate can be used in any situation and adapts to all circumstances.  <\/span><\/span><\/p><\/p>\n","protected":false},"excerpt":{"rendered":"<p><span style=\"font-size: 16px; font-family: Calibri; white-space: pre-wrap; background-color: transparent;\">Here is a short description of the menu plate<\/span><\/p>\n","protected":false},"featured_media":8720,"template":"","meta":{"_acf_changed":false},"product_brand":[],"product_cat":[2319],"product_tag":[],"class_list":{"0":"post-8719","1":"product","2":"type-product","3":"status-publish","4":"has-post-thumbnail","6":"product_cat-tableware","8":"first","9":"instock","10":"taxable","11":"shipping-taxable","12":"purchasable","13":"product-type-rentable","14":"add-to-wishlist-before_image"},"acf":[],"yoast_head":"<!-- This site is optimized with the Yoast SEO plugin v27.4 - https:\/\/yoast.com\/product\/yoast-seo-wordpress\/ -->\n<title>Menu plate, \u00d8 26cm Sch\u00f6nwald PU 30 - Event rental Frankfurt<\/title>\n<meta name=\"description\" content=\"With the Sch\u00f6nwald menu plate, we offer you the perfect equipment for your dinner and your events. The diameter of 24 cm offers enough space to present all your food in the best possible way. The plain white color means that this plate can be used in any situation and adapts to all circumstances. Packaging unit 30 pieces\" \/>\n<meta name=\"robots\" content=\"index, follow, max-snippet:-1, max-image-preview:large, max-video-preview:-1\" \/>\n<link rel=\"canonical\" href=\"https:\/\/www.verleih-frankfurt.de\/en\/produkt\/menu-plate-oe-26cm-schoenwald-pu-30\/\" \/>\n<meta property=\"og:locale\" content=\"en_US\" \/>\n<meta property=\"og:type\" content=\"article\" \/>\n<meta property=\"og:title\" content=\"Menu plate, \u00d8 26cm Sch\u00f6nwald PU 30 - Event rental Frankfurt\" \/>\n<meta property=\"og:description\" content=\"With the Sch\u00f6nwald menu plate, we offer you the perfect equipment for your dinner and your events. The diameter of 24 cm offers enough space to present all your food in the best possible way. The plain white color means that this plate can be used in any situation and adapts to all circumstances. Packaging unit 30 pieces\" \/>\n<meta property=\"og:url\" content=\"https:\/\/www.verleih-frankfurt.de\/en\/produkt\/menu-plate-oe-26cm-schoenwald-pu-30\/\" \/>\n<meta property=\"og:site_name\" content=\"Eventverleih Frankfurt\" \/>\n<meta property=\"article:publisher\" content=\"https:\/\/www.facebook.com\/verleihfrankfurt\" \/>\n<meta property=\"article:modified_time\" content=\"2025-04-03T10:02:23+00:00\" \/>\n<meta property=\"og:image\" content=\"https:\/\/www.verleih-frankfurt.de\/wp-content\/uploads\/2023\/07\/Menue-Teller.jpg\" \/>\n\t<meta property=\"og:image:width\" content=\"600\" \/>\n\t<meta property=\"og:image:height\" content=\"600\" \/>\n\t<meta property=\"og:image:type\" content=\"image\/jpeg\" \/>\n<meta name=\"twitter:card\" content=\"summary_large_image\" \/>\n<script type=\"application\/ld+json\" class=\"yoast-schema-graph\">{\"@context\":\"https:\\\/\\\/schema.org\",\"@graph\":[{\"@type\":\"WebPage\",\"@id\":\"https:\\\/\\\/www.verleih-frankfurt.de\\\/en\\\/produkt\\\/menu-plate-oe-26cm-schoenwald-pu-30\\\/\",\"url\":\"https:\\\/\\\/www.verleih-frankfurt.de\\\/en\\\/produkt\\\/menu-plate-oe-26cm-schoenwald-pu-30\\\/\",\"name\":\"Menu plate, \u00d8 26cm Sch\u00f6nwald PU 30 - Event rental Frankfurt\",\"isPartOf\":{\"@id\":\"https:\\\/\\\/www.verleih-frankfurt.de\\\/en\\\/#website\"},\"primaryImageOfPage\":{\"@id\":\"https:\\\/\\\/www.verleih-frankfurt.de\\\/en\\\/produkt\\\/menu-plate-oe-26cm-schoenwald-pu-30\\\/#primaryimage\"},\"image\":{\"@id\":\"https:\\\/\\\/www.verleih-frankfurt.de\\\/en\\\/produkt\\\/menu-plate-oe-26cm-schoenwald-pu-30\\\/#primaryimage\"},\"thumbnailUrl\":\"https:\\\/\\\/www.verleih-frankfurt.de\\\/wp-content\\\/uploads\\\/2023\\\/07\\\/Menue-Teller.jpg\",\"datePublished\":\"2023-07-10T11:47:00+00:00\",\"dateModified\":\"2025-04-03T10:02:23+00:00\",\"description\":\"With the Sch\u00f6nwald menu plate, we offer you the perfect equipment for your dinner and your events. The diameter of 24 cm offers enough space to present all your food in the best possible way. The plain white color means that this plate can be used in any situation and adapts to all circumstances. Packaging unit 30 pieces\",\"breadcrumb\":{\"@id\":\"https:\\\/\\\/www.verleih-frankfurt.de\\\/en\\\/produkt\\\/menu-plate-oe-26cm-schoenwald-pu-30\\\/#breadcrumb\"},\"inLanguage\":\"en-US\",\"potentialAction\":[{\"@type\":\"ReadAction\",\"target\":[\"https:\\\/\\\/www.verleih-frankfurt.de\\\/en\\\/produkt\\\/menu-plate-oe-26cm-schoenwald-pu-30\\\/\"]}]},{\"@type\":\"ImageObject\",\"inLanguage\":\"en-US\",\"@id\":\"https:\\\/\\\/www.verleih-frankfurt.de\\\/en\\\/produkt\\\/menu-plate-oe-26cm-schoenwald-pu-30\\\/#primaryimage\",\"url\":\"https:\\\/\\\/www.verleih-frankfurt.de\\\/wp-content\\\/uploads\\\/2023\\\/07\\\/Menue-Teller.jpg\",\"contentUrl\":\"https:\\\/\\\/www.verleih-frankfurt.de\\\/wp-content\\\/uploads\\\/2023\\\/07\\\/Menue-Teller.jpg\",\"width\":600,\"height\":600},{\"@type\":\"BreadcrumbList\",\"@id\":\"https:\\\/\\\/www.verleih-frankfurt.de\\\/en\\\/produkt\\\/menu-plate-oe-26cm-schoenwald-pu-30\\\/#breadcrumb\",\"itemListElement\":[{\"@type\":\"ListItem\",\"position\":1,\"name\":\"Startseite\",\"item\":\"https:\\\/\\\/www.verleih-frankfurt.de\\\/en\\\/home\\\/\"},{\"@type\":\"ListItem\",\"position\":2,\"name\":\"Shop\",\"item\":\"https:\\\/\\\/www.verleih-frankfurt.de\\\/shop\\\/?lang=en\"},{\"@type\":\"ListItem\",\"position\":3,\"name\":\"Menu plate, \u00d8 26cm Sch\u00f6nwald PU 30\"}]},{\"@type\":\"WebSite\",\"@id\":\"https:\\\/\\\/www.verleih-frankfurt.de\\\/en\\\/#website\",\"url\":\"https:\\\/\\\/www.verleih-frankfurt.de\\\/en\\\/\",\"name\":\"Eventverleih Frankfurt\",\"description\":\"Professioneller Verleih-Service f\u00fcr Ihren Event\",\"publisher\":{\"@id\":\"https:\\\/\\\/www.verleih-frankfurt.de\\\/en\\\/#organization\"},\"potentialAction\":[{\"@type\":\"SearchAction\",\"target\":{\"@type\":\"EntryPoint\",\"urlTemplate\":\"https:\\\/\\\/www.verleih-frankfurt.de\\\/en\\\/?s={search_term_string}\"},\"query-input\":{\"@type\":\"PropertyValueSpecification\",\"valueRequired\":true,\"valueName\":\"search_term_string\"}}],\"inLanguage\":\"en-US\"},{\"@type\":\"Organization\",\"@id\":\"https:\\\/\\\/www.verleih-frankfurt.de\\\/en\\\/#organization\",\"name\":\"Eventverleih Frankfurt\",\"url\":\"https:\\\/\\\/www.verleih-frankfurt.de\\\/en\\\/\",\"logo\":{\"@type\":\"ImageObject\",\"inLanguage\":\"en-US\",\"@id\":\"https:\\\/\\\/www.verleih-frankfurt.de\\\/en\\\/#\\\/schema\\\/logo\\\/image\\\/\",\"url\":\"https:\\\/\\\/www.verleih-frankfurt.de\\\/wp-content\\\/uploads\\\/2021\\\/09\\\/logo-on-bg.svg\",\"contentUrl\":\"https:\\\/\\\/www.verleih-frankfurt.de\\\/wp-content\\\/uploads\\\/2021\\\/09\\\/logo-on-bg.svg\",\"width\":280,\"height\":70,\"caption\":\"Eventverleih Frankfurt\"},\"image\":{\"@id\":\"https:\\\/\\\/www.verleih-frankfurt.de\\\/en\\\/#\\\/schema\\\/logo\\\/image\\\/\"},\"sameAs\":[\"https:\\\/\\\/www.facebook.com\\\/verleihfrankfurt\"]}]}<\/script>\n<!-- \/ Yoast SEO plugin. -->","yoast_head_json":{"title":"Menu plate, \u00d8 26cm Sch\u00f6nwald PU 30 - Event rental Frankfurt","description":"With the Sch\u00f6nwald menu plate, we offer you the perfect equipment for your dinner and your events. The diameter of 24 cm offers enough space to present all your food in the best possible way. The plain white color means that this plate can be used in any situation and adapts to all circumstances. Packaging unit 30 pieces","robots":{"index":"index","follow":"follow","max-snippet":"max-snippet:-1","max-image-preview":"max-image-preview:large","max-video-preview":"max-video-preview:-1"},"canonical":"https:\/\/www.verleih-frankfurt.de\/en\/produkt\/menu-plate-oe-26cm-schoenwald-pu-30\/","og_locale":"en_US","og_type":"article","og_title":"Menu plate, \u00d8 26cm Sch\u00f6nwald PU 30 - Event rental Frankfurt","og_description":"With the Sch\u00f6nwald menu plate, we offer you the perfect equipment for your dinner and your events. The diameter of 24 cm offers enough space to present all your food in the best possible way. The plain white color means that this plate can be used in any situation and adapts to all circumstances. Packaging unit 30 pieces","og_url":"https:\/\/www.verleih-frankfurt.de\/en\/produkt\/menu-plate-oe-26cm-schoenwald-pu-30\/","og_site_name":"Eventverleih Frankfurt","article_publisher":"https:\/\/www.facebook.com\/verleihfrankfurt","article_modified_time":"2025-04-03T10:02:23+00:00","og_image":[{"width":600,"height":600,"url":"https:\/\/www.verleih-frankfurt.de\/wp-content\/uploads\/2023\/07\/Menue-Teller.jpg","type":"image\/jpeg"}],"twitter_card":"summary_large_image","schema":{"@context":"https:\/\/schema.org","@graph":[{"@type":"WebPage","@id":"https:\/\/www.verleih-frankfurt.de\/en\/produkt\/menu-plate-oe-26cm-schoenwald-pu-30\/","url":"https:\/\/www.verleih-frankfurt.de\/en\/produkt\/menu-plate-oe-26cm-schoenwald-pu-30\/","name":"Menu plate, \u00d8 26cm Sch\u00f6nwald PU 30 - Event rental Frankfurt","isPartOf":{"@id":"https:\/\/www.verleih-frankfurt.de\/en\/#website"},"primaryImageOfPage":{"@id":"https:\/\/www.verleih-frankfurt.de\/en\/produkt\/menu-plate-oe-26cm-schoenwald-pu-30\/#primaryimage"},"image":{"@id":"https:\/\/www.verleih-frankfurt.de\/en\/produkt\/menu-plate-oe-26cm-schoenwald-pu-30\/#primaryimage"},"thumbnailUrl":"https:\/\/www.verleih-frankfurt.de\/wp-content\/uploads\/2023\/07\/Menue-Teller.jpg","datePublished":"2023-07-10T11:47:00+00:00","dateModified":"2025-04-03T10:02:23+00:00","description":"With the Sch\u00f6nwald menu plate, we offer you the perfect equipment for your dinner and your events. The diameter of 24 cm offers enough space to present all your food in the best possible way. The plain white color means that this plate can be used in any situation and adapts to all circumstances. Packaging unit 30 pieces","breadcrumb":{"@id":"https:\/\/www.verleih-frankfurt.de\/en\/produkt\/menu-plate-oe-26cm-schoenwald-pu-30\/#breadcrumb"},"inLanguage":"en-US","potentialAction":[{"@type":"ReadAction","target":["https:\/\/www.verleih-frankfurt.de\/en\/produkt\/menu-plate-oe-26cm-schoenwald-pu-30\/"]}]},{"@type":"ImageObject","inLanguage":"en-US","@id":"https:\/\/www.verleih-frankfurt.de\/en\/produkt\/menu-plate-oe-26cm-schoenwald-pu-30\/#primaryimage","url":"https:\/\/www.verleih-frankfurt.de\/wp-content\/uploads\/2023\/07\/Menue-Teller.jpg","contentUrl":"https:\/\/www.verleih-frankfurt.de\/wp-content\/uploads\/2023\/07\/Menue-Teller.jpg","width":600,"height":600},{"@type":"BreadcrumbList","@id":"https:\/\/www.verleih-frankfurt.de\/en\/produkt\/menu-plate-oe-26cm-schoenwald-pu-30\/#breadcrumb","itemListElement":[{"@type":"ListItem","position":1,"name":"Startseite","item":"https:\/\/www.verleih-frankfurt.de\/en\/home\/"},{"@type":"ListItem","position":2,"name":"Shop","item":"https:\/\/www.verleih-frankfurt.de\/shop\/?lang=en"},{"@type":"ListItem","position":3,"name":"Menu plate, \u00d8 26cm Sch\u00f6nwald PU 30"}]},{"@type":"WebSite","@id":"https:\/\/www.verleih-frankfurt.de\/en\/#website","url":"https:\/\/www.verleih-frankfurt.de\/en\/","name":"Eventverleih Frankfurt","description":"Professioneller Verleih-Service f\u00fcr Ihren Event","publisher":{"@id":"https:\/\/www.verleih-frankfurt.de\/en\/#organization"},"potentialAction":[{"@type":"SearchAction","target":{"@type":"EntryPoint","urlTemplate":"https:\/\/www.verleih-frankfurt.de\/en\/?s={search_term_string}"},"query-input":{"@type":"PropertyValueSpecification","valueRequired":true,"valueName":"search_term_string"}}],"inLanguage":"en-US"},{"@type":"Organization","@id":"https:\/\/www.verleih-frankfurt.de\/en\/#organization","name":"Eventverleih Frankfurt","url":"https:\/\/www.verleih-frankfurt.de\/en\/","logo":{"@type":"ImageObject","inLanguage":"en-US","@id":"https:\/\/www.verleih-frankfurt.de\/en\/#\/schema\/logo\/image\/","url":"https:\/\/www.verleih-frankfurt.de\/wp-content\/uploads\/2021\/09\/logo-on-bg.svg","contentUrl":"https:\/\/www.verleih-frankfurt.de\/wp-content\/uploads\/2021\/09\/logo-on-bg.svg","width":280,"height":70,"caption":"Eventverleih Frankfurt"},"image":{"@id":"https:\/\/www.verleih-frankfurt.de\/en\/#\/schema\/logo\/image\/"},"sameAs":["https:\/\/www.facebook.com\/verleihfrankfurt"]}]}},"_links":{"self":[{"href":"https:\/\/www.verleih-frankfurt.de\/en\/wp-json\/wp\/v2\/product\/8719","targetHints":{"allow":["GET"]}}],"collection":[{"href":"https:\/\/www.verleih-frankfurt.de\/en\/wp-json\/wp\/v2\/product"}],"about":[{"href":"https:\/\/www.verleih-frankfurt.de\/en\/wp-json\/wp\/v2\/types\/product"}],"wp:featuredmedia":[{"embeddable":true,"href":"https:\/\/www.verleih-frankfurt.de\/en\/wp-json\/wp\/v2\/media\/8720"}],"wp:attachment":[{"href":"https:\/\/www.verleih-frankfurt.de\/en\/wp-json\/wp\/v2\/media?parent=8719"}],"wp:term":[{"taxonomy":"product_brand","embeddable":true,"href":"https:\/\/www.verleih-frankfurt.de\/en\/wp-json\/wp\/v2\/product_brand?post=8719"},{"taxonomy":"product_cat","embeddable":true,"href":"https:\/\/www.verleih-frankfurt.de\/en\/wp-json\/wp\/v2\/product_cat?post=8719"},{"taxonomy":"product_tag","embeddable":true,"href":"https:\/\/www.verleih-frankfurt.de\/en\/wp-json\/wp\/v2\/product_tag?post=8719"}],"curies":[{"name":"wp","href":"https:\/\/api.w.org\/{rel}","templated":true}]}}